{"id":10,"date":"2020-01-19T10:43:40","date_gmt":"2020-01-19T09:43:40","guid":{"rendered":"http:\/\/www.1ccz.cz\/?page_id=10"},"modified":"2022-08-29T00:42:34","modified_gmt":"2022-08-28T23:42:34","slug":"about","status":"publish","type":"page","link":"https:\/\/1ccz.cz\/cz\/","title":{"rendered":"O spole\u010dnosti"},"content":{"rendered":"\n<p class=\"has-text-align-left\"><strong>FB Group<\/strong> je ofici\u00e1ln\u00edm partnerem spole\u010dnosti 1C International na \u00fazem\u00ed \u010cesk\u00e9 republiky.<\/p>\n\n\n\n<p class=\"has-text-align-left\">Jsme t\u00fdm stejn\u011b sm\u00fd\u0161lej\u00edc\u00edch lid\u00ed, kte\u0159\u00ed pracuj\u00ed s produkty 1C od roku 1997. Od t\u00e9to doby jsme automatizovali jak mal\u00e9 spole\u010dnosti, tak mezin\u00e1rodn\u00ed holdingy v oblasti v\u00fdroby, logistiky, maloobchodu a velkoobchodu.<\/p>\n\n\n\n<p class=\"has-text-align-left\">Realizace ka\u017ed\u00e9ho projektu je zalo\u017eena na principech pono\u0159en\u00ed se do podnikov\u00fdch proces\u016f, u kter\u00fdch se v p\u0159\u00edpad\u011b pot\u0159eby prov\u00e1d\u00ed reengineering, a n\u00e1sledn\u011b se vytv\u00e1\u0159\u00ed po\u017eadovan\u00fd \u00fa\u010detn\u00ed syst\u00e9m.<\/p>\n\n\n\n<p class=\"has-text-align-left\">\u0158e\u0161en\u00ed jsou v\u017edy vyr\u00e1b\u011bna na kl\u00ed\u010d, co\u017e umo\u017e\u0148uje na\u0161im z\u00e1kazn\u00edk\u016fm transparentn\u011b \u0159\u00eddit a rozv\u00edjet sv\u00e9 podnik\u00e1n\u00ed v r\u016fzn\u00fdch zem\u00edch sv\u011bta.<\/p>\n\n\n\n<p class=\"has-text-align-left\">Zveme V\u00e1s, abyste se stali na\u0161\u00edm z\u00e1kazn\u00edkem, a my najdeme nejoptim\u00e1ln\u011bj\u0161\u00ed \u0159e\u0161en\u00ed pro Va\u0161i spole\u010dnost.<\/p>\n\n\n\n<p class=\"has-text-align-left\">V\u00e1\u0161 t\u00fdm <strong>FB Group<\/strong>.<\/p>\n","protected":false},"excerpt":{"rendered":"<p>FB Group je ofici\u00e1ln\u00edm partnerem spole\u010dnosti 1C International na \u00fazem\u00ed \u010cesk\u00e9 republiky. Jsme t\u00fdm stejn\u011b sm\u00fd\u0161lej\u00edc\u00edch lid\u00ed, kte\u0159\u00ed pracuj\u00ed s produkty 1C od roku 1997. Od t\u00e9to doby jsme automatizovali jak mal\u00e9 spole\u010dnosti, tak mezin\u00e1rodn\u00ed holdingy v oblasti v\u00fdroby, logistiky, maloobchodu a velkoobchodu. Realizace ka\u017ed\u00e9ho projektu je zalo\u017eena na principech pono\u0159en\u00ed se do podnikov\u00fdch proces\u016f, [&hellip;]<\/p>\n","protected":false},"author":2,"featured_media":0,"parent":0,"menu_order":0,"comment_status":"closed","ping_status":"closed","template":"template-homepage.php","meta":{"footnotes":""},"translation":{"provider":"WPGlobus","version":"2.12.2","language":"cz","enabled_languages":["en","ru","cz","tr"],"languages":{"en":{"title":true,"content":true,"excerpt":false},"ru":{"title":true,"content":true,"excerpt":false},"cz":{"title":true,"content":true,"excerpt":false},"tr":{"title":true,"content":true,"excerpt":false}}},"jetpack_sharing_enabled":true,"_links":{"self":[{"href":"https:\/\/1ccz.cz\/cz\/wp-json\/wp\/v2\/pages\/10"}],"collection":[{"href":"https:\/\/1ccz.cz\/cz\/wp-json\/wp\/v2\/pages"}],"about":[{"href":"https:\/\/1ccz.cz\/cz\/wp-json\/wp\/v2\/types\/page"}],"author":[{"embeddable":true,"href":"https:\/\/1ccz.cz\/cz\/wp-json\/wp\/v2\/users\/2"}],"replies":[{"embeddable":true,"href":"https:\/\/1ccz.cz\/cz\/wp-json\/wp\/v2\/comments?post=10"}],"version-history":[{"count":67,"href":"https:\/\/1ccz.cz\/cz\/wp-json\/wp\/v2\/pages\/10\/revisions"}],"predecessor-version":[{"id":1087,"href":"https:\/\/1ccz.cz\/cz\/wp-json\/wp\/v2\/pages\/10\/revisions\/1087"}],"wp:attachment":[{"href":"https:\/\/1ccz.cz\/cz\/wp-json\/wp\/v2\/media?parent=10"}],"curies":[{"name":"wp","href":"https:\/\/api.w.org\/{rel}","templated":true}]}}