{"id":1003,"date":"2022-03-10T20:01:41","date_gmt":"2022-03-10T19:01:41","guid":{"rendered":"https:\/\/1ccz.cz\/?page_id=1003"},"modified":"2022-08-29T00:47:44","modified_gmt":"2022-08-28T23:47:44","slug":"career","status":"publish","type":"page","link":"https:\/\/1ccz.cz\/cz\/career\/","title":{"rendered":"Kari\u00e9ra"},"content":{"rendered":"\n<p>Zveme do na\u0161eho t\u00fdmu ka\u017ed\u00e9ho, kdo m\u00e1 zku\u0161enosti s 1C a chce se rozv\u00edjet.<\/p>\n\n\n\n<p>Hled\u00e1me:<\/p>\n\n\n\n<ul><li>V\u00fdvoj\u00e1\u0159 1C<\/li><li>Analytik 1C<\/li><li>Tester<\/li><\/ul>\n\n\n\n<p>Na v\u00e1\u0161 \u017eivotopis \u010dek\u00e1me na <a href=\"mailto:hr@1ccz.cz\">hr@1ccz.cz<\/a>.<\/p>\n","protected":false},"excerpt":{"rendered":"<p>Zveme do na\u0161eho t\u00fdmu ka\u017ed\u00e9ho, kdo m\u00e1 zku\u0161enosti s 1C a chce se rozv\u00edjet. Hled\u00e1me: V\u00fdvoj\u00e1\u0159 1C Analytik 1C Tester Na v\u00e1\u0161 \u017eivotopis \u010dek\u00e1me na hr@1ccz.cz.<\/p>\n","protected":false},"author":1,"featured_media":0,"parent":0,"menu_order":0,"comment_status":"closed","ping_status":"closed","template":"","meta":{"footnotes":""},"translation":{"provider":"WPGlobus","version":"2.12.2","language":"cz","enabled_languages":["en","ru","cz","tr"],"languages":{"en":{"title":true,"content":true,"excerpt":false},"ru":{"title":true,"content":true,"excerpt":false},"cz":{"title":true,"content":true,"excerpt":false},"tr":{"title":true,"content":true,"excerpt":false}}},"jetpack_sharing_enabled":true,"_links":{"self":[{"href":"https:\/\/1ccz.cz\/cz\/wp-json\/wp\/v2\/pages\/1003"}],"collection":[{"href":"https:\/\/1ccz.cz\/cz\/wp-json\/wp\/v2\/pages"}],"about":[{"href":"https:\/\/1ccz.cz\/cz\/wp-json\/wp\/v2\/types\/page"}],"author":[{"embeddable":true,"href":"https:\/\/1ccz.cz\/cz\/wp-json\/wp\/v2\/users\/1"}],"replies":[{"embeddable":true,"href":"https:\/\/1ccz.cz\/cz\/wp-json\/wp\/v2\/comments?post=1003"}],"version-history":[{"count":20,"href":"https:\/\/1ccz.cz\/cz\/wp-json\/wp\/v2\/pages\/1003\/revisions"}],"predecessor-version":[{"id":1090,"href":"https:\/\/1ccz.cz\/cz\/wp-json\/wp\/v2\/pages\/1003\/revisions\/1090"}],"wp:attachment":[{"href":"https:\/\/1ccz.cz\/cz\/wp-json\/wp\/v2\/media?parent=1003"}],"curies":[{"name":"wp","href":"https:\/\/api.w.org\/{rel}","templated":true}]}}