{"id":15,"date":"2020-01-19T10:49:32","date_gmt":"2020-01-19T09:49:32","guid":{"rendered":"http:\/\/www.1ccz.cz\/?page_id=15"},"modified":"2024-04-06T16:00:24","modified_gmt":"2024-04-06T15:00:24","slug":"contacts","status":"publish","type":"page","link":"https:\/\/1ccz.cz\/cz\/contacts\/","title":{"rendered":"Kontakty"},"content":{"rendered":"\n<p>Adresa: &nbsp;    Opletalova 1566\/30, Nov\u00e9 M\u011bsto, 11000 Praha, \u010cesk\u00e1 republika<br>E-mail: &nbsp;   &nbsp; <a href=\"mailto:sales@1ccz.cz\">sales@1ccz.cz<\/a><br>Telefon:&nbsp;&nbsp;  +420 608 33 9898<\/p>\n","protected":false},"excerpt":{"rendered":"<p>Adresa: &nbsp; Opletalova 1566\/30, Nov\u00e9 M\u011bsto, 11000 Praha, \u010cesk\u00e1 republikaE-mail: &nbsp; &nbsp; sales@1ccz.czTelefon:&nbsp;&nbsp; +420 608 33 9898<\/p>\n","protected":false},"author":2,"featured_media":0,"parent":0,"menu_order":0,"comment_status":"closed","ping_status":"closed","template":"","meta":{"footnotes":""},"translation":{"provider":"WPGlobus","version":"2.12.2","language":"cz","enabled_languages":["en","ru","cz","tr"],"languages":{"en":{"title":true,"content":true,"excerpt":false},"ru":{"title":true,"content":true,"excerpt":false},"cz":{"title":true,"content":true,"excerpt":false},"tr":{"title":true,"content":true,"excerpt":false}}},"jetpack_sharing_enabled":true,"_links":{"self":[{"href":"https:\/\/1ccz.cz\/cz\/wp-json\/wp\/v2\/pages\/15"}],"collection":[{"href":"https:\/\/1ccz.cz\/cz\/wp-json\/wp\/v2\/pages"}],"about":[{"href":"https:\/\/1ccz.cz\/cz\/wp-json\/wp\/v2\/types\/page"}],"author":[{"embeddable":true,"href":"https:\/\/1ccz.cz\/cz\/wp-json\/wp\/v2\/users\/2"}],"replies":[{"embeddable":true,"href":"https:\/\/1ccz.cz\/cz\/wp-json\/wp\/v2\/comments?post=15"}],"version-history":[{"count":46,"href":"https:\/\/1ccz.cz\/cz\/wp-json\/wp\/v2\/pages\/15\/revisions"}],"predecessor-version":[{"id":1121,"href":"https:\/\/1ccz.cz\/cz\/wp-json\/wp\/v2\/pages\/15\/revisions\/1121"}],"wp:attachment":[{"href":"https:\/\/1ccz.cz\/cz\/wp-json\/wp\/v2\/media?parent=15"}],"curies":[{"name":"wp","href":"https:\/\/api.w.org\/{rel}","templated":true}]}}