{"id":19,"date":"2020-01-19T10:52:42","date_gmt":"2020-01-19T09:52:42","guid":{"rendered":"http:\/\/www.1ccz.cz\/shop\/"},"modified":"2022-08-29T00:46:09","modified_gmt":"2022-08-28T23:46:09","slug":"products","status":"publish","type":"page","link":"https:\/\/1ccz.cz\/cz\/products\/","title":{"rendered":"Produkty"},"content":{"rendered":"\n<div class=\"wp-block-media-text alignwide is-stacked-on-mobile\"><figure class=\"wp-block-media-text__media\"><img loading=\"lazy\" decoding=\"async\" width=\"700\" height=\"560\" src=\"http:\/\/www.1ccz.cz\/wp-content\/uploads\/2020\/09\/0059-1Ci-ProductVisual-Drive-RGB-1-1.jpg\" alt=\"\" class=\"wp-image-756 size-full\" srcset=\"https:\/\/1ccz.cz\/wp-content\/uploads\/2020\/09\/0059-1Ci-ProductVisual-Drive-RGB-1-1.jpg 700w, https:\/\/1ccz.cz\/wp-content\/uploads\/2020\/09\/0059-1Ci-ProductVisual-Drive-RGB-1-1-300x240.jpg 300w, https:\/\/1ccz.cz\/wp-content\/uploads\/2020\/09\/0059-1Ci-ProductVisual-Drive-RGB-1-1-416x333.jpg 416w\" sizes=\"(max-width: 700px) 100vw, 700px\" \/><\/figure><div class=\"wp-block-media-text__content\">\n<p style=\"text-align: left;\"><strong data-rich-text-format-boundary=\"true\">1C:Drive<\/strong> je hotov\u00e9 \u0159e\u0161en\u00ed, d\u00edky kter\u00e9mu bude V\u00e1\u0161 podnik v\u017edy pod kontrolou.<\/p>\n\n\n\n<p style=\"text-align: left;\"><strong data-rich-text-format-boundary=\"true\">Vhodn\u00e9 pro: <\/strong>mal\u00e9 a st\u0159edn\u00ed podniky.<\/p>\n\n\n\n<p style=\"text-align: left;\"><strong>Umo\u017e\u0148uje:<\/strong> automatizovat operace provozn\u00edho \u00fa\u010detnictv\u00ed a v\u00fdrobu produkce, anal\u00fdzu obchodn\u00edch operac\u00ed. Multim\u011bnov\u00e9 \u00fa\u010detnictv\u00ed pom\u016f\u017ee nastavit jednotn\u00e9 mana\u017eersk\u00e9 \u00fa\u010detnictv\u00ed pro spole\u010dnosti p\u016fsob\u00edc\u00ed v r\u016fzn\u00fdch zem\u00edch.<\/p>\n\n\n\n<figure class=\"wp-block-embed is-type-video is-provider-youtube wp-block-embed-youtube wp-embed-aspect-16-9 wp-has-aspect-ratio\"><div class=\"wp-block-embed__wrapper\">\n<iframe loading=\"lazy\" title=\"1C:Drive - ERP for Small Businesses and Medium Enterprises. Scale Up Your Business with 1C:Drive.\" width=\"980\" height=\"551\" src=\"https:\/\/www.youtube.com\/embed\/XZY2L4LFKbw?feature=oembed\" frameborder=\"0\" allow=\"accelerometer; autoplay; clipboard-write; encrypted-media; gyroscope; picture-in-picture\" allowfullscreen><\/iframe>\n<\/div><\/figure>\n<\/div><\/div>\n\n\n\n<p><\/p>\n\n\n\n<div class=\"wp-block-media-text alignwide is-stacked-on-mobile\"><figure class=\"wp-block-media-text__media\"><img loading=\"lazy\" decoding=\"async\" width=\"700\" height=\"560\" src=\"http:\/\/www.1ccz.cz\/wp-content\/uploads\/2020\/09\/0059-1Ci-ProductVisual-ERP-RGB-1-1.jpg\" alt=\"\" class=\"wp-image-757 size-full\" srcset=\"https:\/\/1ccz.cz\/wp-content\/uploads\/2020\/09\/0059-1Ci-ProductVisual-ERP-RGB-1-1.jpg 700w, https:\/\/1ccz.cz\/wp-content\/uploads\/2020\/09\/0059-1Ci-ProductVisual-ERP-RGB-1-1-300x240.jpg 300w, https:\/\/1ccz.cz\/wp-content\/uploads\/2020\/09\/0059-1Ci-ProductVisual-ERP-RGB-1-1-416x333.jpg 416w\" sizes=\"(max-width: 700px) 100vw, 700px\" \/><\/figure><div class=\"wp-block-media-text__content\">\n<p><strong>1C:ERP <\/strong>je v\u00edce\u00farov\u0148ov\u00e9 ERP \u0159e\u0161en\u00ed umo\u017e\u0148uj\u00edc\u00ed vybudovat jednotn\u00fd syst\u00e9m pro spr\u00e1vu \u010dinnosti jak\u00e9hokoli podniku.<\/p>\n\n\n\n<p><strong data-rich-text-format-boundary=\"true\">Vhodn\u00e9 pro:\u00a0<\/strong><strong>automatizaci <\/strong>velk\u00fdch a st\u0159edn\u00edch podnik\u016f.<\/p>\n\n\n\n<p style=\"text-align: left;\"><strong>Umo\u017e\u0148uje:<\/strong> automatizovat z\u00e1kladn\u00ed podnikatelsk\u00e9 procesy, m\u00edt kl\u00ed\u010dov\u00e9 ukazatele \u010dinnosti spole\u010dnosti pod kontrolou, hodnotit efektivitu podniku, jeho diviz\u00ed a zam\u011bstnanc\u016f.<\/p>\n\n\n\n<figure class=\"wp-block-embed is-type-video is-provider-youtube wp-block-embed-youtube wp-embed-aspect-16-9 wp-has-aspect-ratio\"><div class=\"wp-block-embed__wrapper\">\n<iframe loading=\"lazy\" title=\"About 1C:Enterprise Development Platform in facts and numbers\" width=\"980\" height=\"551\" src=\"https:\/\/www.youtube.com\/embed\/3J0yxOLAGB4?feature=oembed\" frameborder=\"0\" allow=\"accelerometer; autoplay; clipboard-write; encrypted-media; gyroscope; picture-in-picture\" allowfullscreen><\/iframe>\n<\/div><\/figure>\n<\/div><\/div>\n\n\n\n<p><\/p>\n\n\n\n<div class=\"wp-block-media-text alignwide is-stacked-on-mobile\"><figure class=\"wp-block-media-text__media\"><img loading=\"lazy\" decoding=\"async\" width=\"1000\" height=\"800\" src=\"http:\/\/www.1ccz.cz\/wp-content\/uploads\/2020\/09\/0059-1Ci-ProductVisual-Enterprise-RGB-1-1.jpg\" alt=\"\" class=\"wp-image-755 size-full\" srcset=\"https:\/\/1ccz.cz\/wp-content\/uploads\/2020\/09\/0059-1Ci-ProductVisual-Enterprise-RGB-1-1.jpg 1000w, https:\/\/1ccz.cz\/wp-content\/uploads\/2020\/09\/0059-1Ci-ProductVisual-Enterprise-RGB-1-1-300x240.jpg 300w, https:\/\/1ccz.cz\/wp-content\/uploads\/2020\/09\/0059-1Ci-ProductVisual-Enterprise-RGB-1-1-768x614.jpg 768w, https:\/\/1ccz.cz\/wp-content\/uploads\/2020\/09\/0059-1Ci-ProductVisual-Enterprise-RGB-1-1-416x333.jpg 416w\" sizes=\"(max-width: 1000px) 100vw, 1000px\" \/><\/figure><div class=\"wp-block-media-text__content\">\n<p><strong data-rich-text-format-boundary=\"true\">1C: <\/strong><strong>Enterprise <\/strong>je technologick\u00fd multiplatformn\u00ed otev\u0159en\u00fd software ur\u010den\u00fd k rychl\u00e9 automatizaci \u010dinnosti podniku.<\/p>\n\n\n\n<p><strong>Vhodn\u00e9 pro:<\/strong> automatizaci finan\u010dn\u00edho a mana\u017eersk\u00e9ho \u00fa\u010detnictv\u00ed, ob\u011bhu doklad\u016f, personalistiky a dal\u0161\u00edch firemn\u00edch proces\u016f.<\/p>\n\n\n\n<p><strong>Umo\u017e\u0148uje:<\/strong> vytvo\u0159it aplikovan\u00e9 \u0159e\u0161en\u00ed jak\u00e9koli \u00farovn\u011b obt\u00ed\u017enosti pro jak\u00fdkoli podnik v kr\u00e1tk\u00e9 dob\u011b. Vytvo\u0159en\u00e9 \u0159e\u0161en\u00ed m\u016f\u017ee b\u00fdt zalo\u017eeno jak na intern\u00ed datab\u00e1zi, tak na jin\u00fdch datab\u00e1z\u00edch. D\u00edky flexibiln\u00edm n\u00e1stroj\u016fm umo\u017e\u0148uje integraci \u0159e\u0161en\u00ed s jin\u00fdmi syst\u00e9my, p\u0159ipojen\u00ed r\u016fzn\u00fdch za\u0159\u00edzen\u00ed a poskytov\u00e1n\u00ed p\u0159\u00edstupu prost\u0159ednictv\u00edm mobiln\u00ed aplikace.<\/p>\n<\/div><\/div>\n","protected":false},"excerpt":{"rendered":"<p>1C: Enterprise je technologick\u00fd multiplatformn\u00ed otev\u0159en\u00fd software ur\u010den\u00fd k rychl\u00e9 automatizaci \u010dinnosti podniku. Vhodn\u00e9 pro: automatizaci finan\u010dn\u00edho a mana\u017eersk\u00e9ho \u00fa\u010detnictv\u00ed, ob\u011bhu doklad\u016f, personalistiky a dal\u0161\u00edch firemn\u00edch proces\u016f. Umo\u017e\u0148uje: vytvo\u0159it aplikovan\u00e9 \u0159e\u0161en\u00ed jak\u00e9koli \u00farovn\u011b obt\u00ed\u017enosti pro jak\u00fdkoli podnik v kr\u00e1tk\u00e9 dob\u011b. Vytvo\u0159en\u00e9 \u0159e\u0161en\u00ed m\u016f\u017ee b\u00fdt zalo\u017eeno jak na intern\u00ed datab\u00e1zi, tak na jin\u00fdch datab\u00e1z\u00edch. D\u00edky flexibiln\u00edm [&hellip;]<\/p>\n","protected":false},"author":1,"featured_media":0,"parent":0,"menu_order":0,"comment_status":"closed","ping_status":"closed","template":"","meta":{"footnotes":""},"translation":{"provider":"WPGlobus","version":"2.12.2","language":"cz","enabled_languages":["en","ru","cz","tr"],"languages":{"en":{"title":true,"content":true,"excerpt":false},"ru":{"title":true,"content":true,"excerpt":false},"cz":{"title":true,"content":true,"excerpt":false},"tr":{"title":true,"content":true,"excerpt":false}}},"jetpack_sharing_enabled":true,"_links":{"self":[{"href":"https:\/\/1ccz.cz\/cz\/wp-json\/wp\/v2\/pages\/19"}],"collection":[{"href":"https:\/\/1ccz.cz\/cz\/wp-json\/wp\/v2\/pages"}],"about":[{"href":"https:\/\/1ccz.cz\/cz\/wp-json\/wp\/v2\/types\/page"}],"author":[{"embeddable":true,"href":"https:\/\/1ccz.cz\/cz\/wp-json\/wp\/v2\/users\/1"}],"replies":[{"embeddable":true,"href":"https:\/\/1ccz.cz\/cz\/wp-json\/wp\/v2\/comments?post=19"}],"version-history":[{"count":77,"href":"https:\/\/1ccz.cz\/cz\/wp-json\/wp\/v2\/pages\/19\/revisions"}],"predecessor-version":[{"id":1088,"href":"https:\/\/1ccz.cz\/cz\/wp-json\/wp\/v2\/pages\/19\/revisions\/1088"}],"wp:attachment":[{"href":"https:\/\/1ccz.cz\/cz\/wp-json\/wp\/v2\/media?parent=19"}],"curies":[{"name":"wp","href":"https:\/\/api.w.org\/{rel}","templated":true}]}}