{"id":15,"date":"2020-01-19T10:49:32","date_gmt":"2020-01-19T09:49:32","guid":{"rendered":"http:\/\/www.1ccz.cz\/?page_id=15"},"modified":"2024-04-06T16:00:24","modified_gmt":"2024-04-06T15:00:24","slug":"contacts","status":"publish","type":"page","link":"https:\/\/1ccz.cz\/ru\/contacts\/","title":{"rendered":"\u041a\u043e\u043d\u0442\u0430\u043a\u0442\u044b"},"content":{"rendered":"<p>\u0410\u0434\u0440\u0435\u0441: \u00a0 \u00a0 \u00a0 \u00a0 \u00a0 \u0443\u043b.\u041e\u043f\u043b\u0435\u0442\u0430\u043b\u043e\u0432\u0430, 1566\/30, \u041f\u0440\u0430\u0433\u0430, 11000, \u0427\u0435\u0448\u0441\u043a\u0430\u044f \u0440\u0435\u0441\u043f\u0443\u0431\u043b\u0438\u043a\u0430<br \/>\nE-mail: \u00a0 \u00a0 \u00a0 \u00a0 \u00a0\u00a0 <a href=\"mailto:sales@1ccz.cz\">sales@1ccz.cz<\/a><br \/>\n\u0422\u0435\u043b\u0435\u0444\u043e\u043d:\u00a0\u00a0\u00a0\u00a0 +420 608 33 9898<\/p>\n<p>\u0410\u0434\u0440\u0435\u0441: \u00a0 \u00a0 \u00a0\u00a0 \u00a0 <strong>Teknopark Istanbul Cube Beyo\u011flu<\/strong> | \u015eehit Muhtar Mah. Mis Sok. No:24 \u0130\u00e7 Kap\u0131 No: 13 Beyo\u011flu\/Istanbul T\u00fcrkiye<br \/>\nE-mail: \u00a0 \u00a0\u00a0 \u00a0\u00a0\u00a0\u00a0 sales@fbgroup.net<br \/>\n\u0422\u0435\u043b\u0435\u0444\u043e\u043d:\u00a0\u00a0\u00a0 +90 532 200 29 19<\/p>\n","protected":false},"excerpt":{"rendered":"<p>\u0410\u0434\u0440\u0435\u0441: \u00a0 \u00a0 \u00a0 \u00a0 \u00a0 \u0443\u043b.\u041e\u043f\u043b\u0435\u0442\u0430\u043b\u043e\u0432\u0430, 1566\/30, \u041f\u0440\u0430\u0433\u0430, 11000, \u0427\u0435\u0448\u0441\u043a\u0430\u044f \u0440\u0435\u0441\u043f\u0443\u0431\u043b\u0438\u043a\u0430 E-mail: \u00a0 \u00a0 \u00a0 \u00a0 \u00a0\u00a0 sales@1ccz.cz \u0422\u0435\u043b\u0435\u0444\u043e\u043d:\u00a0\u00a0\u00a0\u00a0 +420 608 33 9898 \u0410\u0434\u0440\u0435\u0441: \u00a0 \u00a0 \u00a0\u00a0 \u00a0 Teknopark Istanbul Cube Beyo\u011flu | \u015eehit Muhtar Mah. Mis Sok. No:24 \u0130\u00e7 Kap\u0131 No: 13 Beyo\u011flu\/Istanbul T\u00fcrkiye E-mail: \u00a0 \u00a0\u00a0 \u00a0\u00a0\u00a0\u00a0 sales@fbgroup.net \u0422\u0435\u043b\u0435\u0444\u043e\u043d:\u00a0\u00a0\u00a0 +90 532 200 [&hellip;]<\/p>\n","protected":false},"author":2,"featured_media":0,"parent":0,"menu_order":0,"comment_status":"closed","ping_status":"closed","template":"","meta":{"footnotes":""},"translation":{"provider":"WPGlobus","version":"2.12.2","language":"ru","enabled_languages":["en","ru","cz","tr"],"languages":{"en":{"title":true,"content":true,"excerpt":false},"ru":{"title":true,"content":true,"excerpt":false},"cz":{"title":true,"content":true,"excerpt":false},"tr":{"title":true,"content":true,"excerpt":false}}},"jetpack_sharing_enabled":true,"_links":{"self":[{"href":"https:\/\/1ccz.cz\/ru\/wp-json\/wp\/v2\/pages\/15"}],"collection":[{"href":"https:\/\/1ccz.cz\/ru\/wp-json\/wp\/v2\/pages"}],"about":[{"href":"https:\/\/1ccz.cz\/ru\/wp-json\/wp\/v2\/types\/page"}],"author":[{"embeddable":true,"href":"https:\/\/1ccz.cz\/ru\/wp-json\/wp\/v2\/users\/2"}],"replies":[{"embeddable":true,"href":"https:\/\/1ccz.cz\/ru\/wp-json\/wp\/v2\/comments?post=15"}],"version-history":[{"count":46,"href":"https:\/\/1ccz.cz\/ru\/wp-json\/wp\/v2\/pages\/15\/revisions"}],"predecessor-version":[{"id":1121,"href":"https:\/\/1ccz.cz\/ru\/wp-json\/wp\/v2\/pages\/15\/revisions\/1121"}],"wp:attachment":[{"href":"https:\/\/1ccz.cz\/ru\/wp-json\/wp\/v2\/media?parent=15"}],"curies":[{"name":"wp","href":"https:\/\/api.w.org\/{rel}","templated":true}]}}