{"id":1003,"date":"2022-03-10T20:01:41","date_gmt":"2022-03-10T19:01:41","guid":{"rendered":"https:\/\/1ccz.cz\/?page_id=1003"},"modified":"2022-08-29T00:47:44","modified_gmt":"2022-08-28T23:47:44","slug":"career","status":"publish","type":"page","link":"https:\/\/1ccz.cz\/tr\/career\/","title":{"rendered":"Kariyer"},"content":{"rendered":"<p>Hali haz\u0131rda tecr\u00fcbeli veya kendini geli\u015ftirmek isteyen herkesi ekibimize kat\u0131lmaya davet ediyoruz.<\/p>\n<p>Aday aray\u0131\u015f\u0131nda oldu\u011fumuz pozisyonlardan birka\u00e7\u0131:<\/p>\n<ul>\n<li>Programc\u0131 1C<\/li>\n<li>Dan\u0131\u015fman-Analist 1C<\/li>\n<li>Test Uzman\u0131<\/li>\n<\/ul>\n<p>Daha detayl\u0131 bilgi i\u00e7in LinkedIn sayfam\u0131z\u0131 ziyaret edebilirsiniz veya \u00f6zge\u00e7mi\u015finizi <a href=\"mailto:hr@1ccz.cz\">hr@1ccz.cz<\/a> adresine g\u00f6nderebilirsiniz.<\/p>\n","protected":false},"excerpt":{"rendered":"<p>Hali haz\u0131rda tecr\u00fcbeli veya kendini geli\u015ftirmek isteyen herkesi ekibimize kat\u0131lmaya davet ediyoruz. Aday aray\u0131\u015f\u0131nda oldu\u011fumuz pozisyonlardan birka\u00e7\u0131: Programc\u0131 1C Dan\u0131\u015fman-Analist 1C Test Uzman\u0131 Daha detayl\u0131 bilgi i\u00e7in LinkedIn sayfam\u0131z\u0131 ziyaret edebilirsiniz veya \u00f6zge\u00e7mi\u015finizi hr@1ccz.cz adresine g\u00f6nderebilirsiniz.<\/p>\n","protected":false},"author":1,"featured_media":0,"parent":0,"menu_order":0,"comment_status":"closed","ping_status":"closed","template":"","meta":{"footnotes":""},"translation":{"provider":"WPGlobus","version":"2.12.2","language":"tr","enabled_languages":["en","ru","cz","tr"],"languages":{"en":{"title":true,"content":true,"excerpt":false},"ru":{"title":true,"content":true,"excerpt":false},"cz":{"title":true,"content":true,"excerpt":false},"tr":{"title":true,"content":true,"excerpt":false}}},"jetpack_sharing_enabled":true,"_links":{"self":[{"href":"https:\/\/1ccz.cz\/tr\/wp-json\/wp\/v2\/pages\/1003"}],"collection":[{"href":"https:\/\/1ccz.cz\/tr\/wp-json\/wp\/v2\/pages"}],"about":[{"href":"https:\/\/1ccz.cz\/tr\/wp-json\/wp\/v2\/types\/page"}],"author":[{"embeddable":true,"href":"https:\/\/1ccz.cz\/tr\/wp-json\/wp\/v2\/users\/1"}],"replies":[{"embeddable":true,"href":"https:\/\/1ccz.cz\/tr\/wp-json\/wp\/v2\/comments?post=1003"}],"version-history":[{"count":20,"href":"https:\/\/1ccz.cz\/tr\/wp-json\/wp\/v2\/pages\/1003\/revisions"}],"predecessor-version":[{"id":1090,"href":"https:\/\/1ccz.cz\/tr\/wp-json\/wp\/v2\/pages\/1003\/revisions\/1090"}],"wp:attachment":[{"href":"https:\/\/1ccz.cz\/tr\/wp-json\/wp\/v2\/media?parent=1003"}],"curies":[{"name":"wp","href":"https:\/\/api.w.org\/{rel}","templated":true}]}}