{"id":15,"date":"2020-01-19T10:49:32","date_gmt":"2020-01-19T09:49:32","guid":{"rendered":"http:\/\/www.1ccz.cz\/?page_id=15"},"modified":"2024-04-06T16:00:24","modified_gmt":"2024-04-06T15:00:24","slug":"contacts","status":"publish","type":"page","link":"https:\/\/1ccz.cz\/tr\/contacts\/","title":{"rendered":"\u0130leti\u015fim"},"content":{"rendered":"<p>Adres: <strong>Teknopark Istanbul Cube Beyo\u011flu<\/strong>\u00a0| \u015eehit Muhtar Mah. Mis Sok. No:24 \u0130\u00e7 Kap\u0131 No: 13 Beyo\u011flu\/Istanbul T\u00fcrkiye<\/p>\n<p>E-posta: <a href=\"mailto:sales@fbgroup.net\">sales@fbgroup.net<\/a><br \/>\nTelefon: +90 532 200 29 19<\/p>\n","protected":false},"excerpt":{"rendered":"<p>Adres: Teknopark Istanbul Cube Beyo\u011flu\u00a0| \u015eehit Muhtar Mah. Mis Sok. No:24 \u0130\u00e7 Kap\u0131 No: 13 Beyo\u011flu\/Istanbul T\u00fcrkiye E-posta: sales@fbgroup.net Telefon: +90 532 200 29 19<\/p>\n","protected":false},"author":2,"featured_media":0,"parent":0,"menu_order":0,"comment_status":"closed","ping_status":"closed","template":"","meta":{"footnotes":""},"translation":{"provider":"WPGlobus","version":"2.12.2","language":"tr","enabled_languages":["en","ru","cz","tr"],"languages":{"en":{"title":true,"content":true,"excerpt":false},"ru":{"title":true,"content":true,"excerpt":false},"cz":{"title":true,"content":true,"excerpt":false},"tr":{"title":true,"content":true,"excerpt":false}}},"jetpack_sharing_enabled":true,"_links":{"self":[{"href":"https:\/\/1ccz.cz\/tr\/wp-json\/wp\/v2\/pages\/15"}],"collection":[{"href":"https:\/\/1ccz.cz\/tr\/wp-json\/wp\/v2\/pages"}],"about":[{"href":"https:\/\/1ccz.cz\/tr\/wp-json\/wp\/v2\/types\/page"}],"author":[{"embeddable":true,"href":"https:\/\/1ccz.cz\/tr\/wp-json\/wp\/v2\/users\/2"}],"replies":[{"embeddable":true,"href":"https:\/\/1ccz.cz\/tr\/wp-json\/wp\/v2\/comments?post=15"}],"version-history":[{"count":46,"href":"https:\/\/1ccz.cz\/tr\/wp-json\/wp\/v2\/pages\/15\/revisions"}],"predecessor-version":[{"id":1121,"href":"https:\/\/1ccz.cz\/tr\/wp-json\/wp\/v2\/pages\/15\/revisions\/1121"}],"wp:attachment":[{"href":"https:\/\/1ccz.cz\/tr\/wp-json\/wp\/v2\/media?parent=15"}],"curies":[{"name":"wp","href":"https:\/\/api.w.org\/{rel}","templated":true}]}}