{"id":19,"date":"2020-01-19T10:52:42","date_gmt":"2020-01-19T09:52:42","guid":{"rendered":"http:\/\/www.1ccz.cz\/shop\/"},"modified":"2022-08-29T00:46:09","modified_gmt":"2022-08-28T23:46:09","slug":"products","status":"publish","type":"page","link":"https:\/\/1ccz.cz\/tr\/products\/","title":{"rendered":"\u00dcr\u00fcnler"},"content":{"rendered":"\n<div class=\"wp-block-media-text alignwide is-stacked-on-mobile\"><figure class=\"wp-block-media-text__media\"><img loading=\"lazy\" decoding=\"async\" width=\"700\" height=\"560\" src=\"http:\/\/www.1ccz.cz\/wp-content\/uploads\/2020\/09\/0059-1Ci-ProductVisual-Drive-RGB-1-1.jpg\" alt=\"\" class=\"wp-image-756 size-full\" srcset=\"https:\/\/1ccz.cz\/wp-content\/uploads\/2020\/09\/0059-1Ci-ProductVisual-Drive-RGB-1-1.jpg 700w, https:\/\/1ccz.cz\/wp-content\/uploads\/2020\/09\/0059-1Ci-ProductVisual-Drive-RGB-1-1-300x240.jpg 300w, https:\/\/1ccz.cz\/wp-content\/uploads\/2020\/09\/0059-1Ci-ProductVisual-Drive-RGB-1-1-416x333.jpg 416w\" sizes=\"(max-width: 700px) 100vw, 700px\" \/><\/figure><div class=\"wp-block-media-text__content\">\n<p>1C:Drive, i\u015finizi her zaman kontrol alt\u0131nda tutan anahtar teslim bir \u00e7\u00f6z\u00fcmd\u00fcr.<\/p>\n\n\n\n<p>K\u00fc\u00e7\u00fck ve orta \u00f6l\u00e7ekli i\u015fletmeler i\u00e7in uygundur.<\/p>\n\n\n\n<p>Depo muhasebesini, ticaret i\u015flemlerini, \u00fcretimi otomatikle\u015ftirmenizi sa\u011flar.<\/p>\n<p>\u00c7oklu para birimi muhasebesi, farkl\u0131 \u00fclkelerde faaliyet g\u00f6steren \u015firketler i\u00e7in birle\u015fik bir y\u00f6netim muhasebesi olu\u015fturmaya yard\u0131mc\u0131 olur.<\/p>\n\n\n\n<figure class=\"wp-block-embed is-type-video is-provider-youtube wp-block-embed-youtube wp-embed-aspect-16-9 wp-has-aspect-ratio\"><div class=\"wp-block-embed__wrapper\">\n<iframe loading=\"lazy\" title=\"1C:Drive - ERP for Small Businesses and Medium Enterprises. Scale Up Your Business with 1C:Drive.\" width=\"980\" height=\"551\" src=\"https:\/\/www.youtube.com\/embed\/XZY2L4LFKbw?feature=oembed\" frameborder=\"0\" allow=\"accelerometer; autoplay; clipboard-write; encrypted-media; gyroscope; picture-in-picture\" allowfullscreen><\/iframe>\n<\/div><\/figure>\n<\/div><\/div>\n\n\n\n<p><\/p>\n\n\n\n<div class=\"wp-block-media-text alignwide is-stacked-on-mobile\"><figure class=\"wp-block-media-text__media\"><img loading=\"lazy\" decoding=\"async\" width=\"700\" height=\"560\" src=\"http:\/\/www.1ccz.cz\/wp-content\/uploads\/2020\/09\/0059-1Ci-ProductVisual-ERP-RGB-1-1.jpg\" alt=\"\" class=\"wp-image-757 size-full\" srcset=\"https:\/\/1ccz.cz\/wp-content\/uploads\/2020\/09\/0059-1Ci-ProductVisual-ERP-RGB-1-1.jpg 700w, https:\/\/1ccz.cz\/wp-content\/uploads\/2020\/09\/0059-1Ci-ProductVisual-ERP-RGB-1-1-300x240.jpg 300w, https:\/\/1ccz.cz\/wp-content\/uploads\/2020\/09\/0059-1Ci-ProductVisual-ERP-RGB-1-1-416x333.jpg 416w\" sizes=\"(max-width: 700px) 100vw, 700px\" \/><\/figure><div class=\"wp-block-media-text__content\">\n<p>1C:ERP, herhangi bir i\u015fletmenin faaliyetlerini y\u00f6netmek i\u00e7in tek bir sistem olu\u015fturman\u0131za izin veren \u00e7ok seviyeli bir ERP \u00e7\u00f6z\u00fcm\u00fcd\u00fcr.<\/p>\n\n\n\n<p>B\u00fcy\u00fck ve orta \u00f6l\u00e7ekli i\u015fletmelerin otomasyonu i\u00e7in uygundur.<\/p>\n\n\n\n<p style=\"text-align: left;\">Ana i\u015f s\u00fcre\u00e7lerini otomatikle\u015ftirmenize, \u015firketin temel performans g\u00f6stergelerini kontrol alt\u0131nda tutman\u0131za, i\u015fletmenin, b\u00f6l\u00fcmlerinin ve personelinin verimlili\u011fini de\u011ferlendirmenize olanak tan\u0131r.<\/p>\n\n\n\n<figure class=\"wp-block-embed is-type-video is-provider-youtube wp-block-embed-youtube wp-embed-aspect-16-9 wp-has-aspect-ratio\"><div class=\"wp-block-embed__wrapper\">\n<iframe loading=\"lazy\" title=\"About 1C:Enterprise Development Platform in facts and numbers\" width=\"980\" height=\"551\" src=\"https:\/\/www.youtube.com\/embed\/3J0yxOLAGB4?feature=oembed\" frameborder=\"0\" allow=\"accelerometer; autoplay; clipboard-write; encrypted-media; gyroscope; picture-in-picture\" allowfullscreen><\/iframe>\n<\/div><\/figure>\n<\/div><\/div>\n\n\n\n<p><\/p>\n\n\n\n<div class=\"wp-block-media-text alignwide is-stacked-on-mobile\"><figure class=\"wp-block-media-text__media\"><img loading=\"lazy\" decoding=\"async\" width=\"1000\" height=\"800\" src=\"http:\/\/www.1ccz.cz\/wp-content\/uploads\/2020\/09\/0059-1Ci-ProductVisual-Enterprise-RGB-1-1.jpg\" alt=\"\" class=\"wp-image-755 size-full\" srcset=\"https:\/\/1ccz.cz\/wp-content\/uploads\/2020\/09\/0059-1Ci-ProductVisual-Enterprise-RGB-1-1.jpg 1000w, https:\/\/1ccz.cz\/wp-content\/uploads\/2020\/09\/0059-1Ci-ProductVisual-Enterprise-RGB-1-1-300x240.jpg 300w, https:\/\/1ccz.cz\/wp-content\/uploads\/2020\/09\/0059-1Ci-ProductVisual-Enterprise-RGB-1-1-768x614.jpg 768w, https:\/\/1ccz.cz\/wp-content\/uploads\/2020\/09\/0059-1Ci-ProductVisual-Enterprise-RGB-1-1-416x333.jpg 416w\" sizes=\"(max-width: 1000px) 100vw, 1000px\" \/><\/figure><div class=\"wp-block-media-text__content\">\n<p>1C:Enterprise, kurulu\u015ftaki faaliyetleri h\u0131zl\u0131 bir \u015fekilde otomatikle\u015ftirmek i\u00e7in tasarlanm\u0131\u015f bir a\u00e7\u0131k kaynakl\u0131 teknoloji \u00e7apraz platformdur.<\/p>\n\n\n\n<p>Muhasebe ve y\u00f6netim muhasebesi, i\u015f ak\u0131\u015f\u0131, personel y\u00f6netimi ve di\u011fer \u00e7e\u015fitli \u015firket s\u00fcre\u00e7lerini otomatikle\u015ftirmek i\u00e7in uygundur.<\/p>\n\n\n\n<p>K\u0131sa s\u00fcrede herhangi bir i\u015fletme i\u00e7in herhangi bir karma\u015f\u0131kl\u0131k d\u00fczeyinde uygulamal\u0131 bir \u00e7\u00f6z\u00fcm olu\u015fturman\u0131za olanak tan\u0131r. Olu\u015fturulan \u00e7\u00f6z\u00fcm, hem dahili veritaban\u0131na hem de di\u011fer veritabanlar\u0131na dayal\u0131 olabilir. Yerle\u015fik esnek ara\u00e7lar sayesinde di\u011fer sistemlerle entegre olman\u0131z\u0131, \u00e7e\u015fitli ekipmanlar\u0131 ba\u011flaman\u0131z\u0131 ve bir mobil uygulama \u00fczerinden eri\u015fim sa\u011flaman\u0131z\u0131 sa\u011flar.<\/p>\n<\/div><\/div>\n","protected":false},"excerpt":{"rendered":"<p>1C:Enterprise, kurulu\u015ftaki faaliyetleri h\u0131zl\u0131 bir \u015fekilde otomatikle\u015ftirmek i\u00e7in tasarlanm\u0131\u015f bir a\u00e7\u0131k kaynakl\u0131 teknoloji \u00e7apraz platformdur. Muhasebe ve y\u00f6netim muhasebesi, i\u015f ak\u0131\u015f\u0131, personel y\u00f6netimi ve di\u011fer \u00e7e\u015fitli \u015firket s\u00fcre\u00e7lerini otomatikle\u015ftirmek i\u00e7in uygundur. K\u0131sa s\u00fcrede herhangi bir i\u015fletme i\u00e7in herhangi bir karma\u015f\u0131kl\u0131k d\u00fczeyinde uygulamal\u0131 bir \u00e7\u00f6z\u00fcm olu\u015fturman\u0131za olanak tan\u0131r. Olu\u015fturulan \u00e7\u00f6z\u00fcm, hem dahili veritaban\u0131na hem de di\u011fer [&hellip;]<\/p>\n","protected":false},"author":1,"featured_media":0,"parent":0,"menu_order":0,"comment_status":"closed","ping_status":"closed","template":"","meta":{"footnotes":""},"translation":{"provider":"WPGlobus","version":"2.12.2","language":"tr","enabled_languages":["en","ru","cz","tr"],"languages":{"en":{"title":true,"content":true,"excerpt":false},"ru":{"title":true,"content":true,"excerpt":false},"cz":{"title":true,"content":true,"excerpt":false},"tr":{"title":true,"content":true,"excerpt":false}}},"jetpack_sharing_enabled":true,"_links":{"self":[{"href":"https:\/\/1ccz.cz\/tr\/wp-json\/wp\/v2\/pages\/19"}],"collection":[{"href":"https:\/\/1ccz.cz\/tr\/wp-json\/wp\/v2\/pages"}],"about":[{"href":"https:\/\/1ccz.cz\/tr\/wp-json\/wp\/v2\/types\/page"}],"author":[{"embeddable":true,"href":"https:\/\/1ccz.cz\/tr\/wp-json\/wp\/v2\/users\/1"}],"replies":[{"embeddable":true,"href":"https:\/\/1ccz.cz\/tr\/wp-json\/wp\/v2\/comments?post=19"}],"version-history":[{"count":77,"href":"https:\/\/1ccz.cz\/tr\/wp-json\/wp\/v2\/pages\/19\/revisions"}],"predecessor-version":[{"id":1088,"href":"https:\/\/1ccz.cz\/tr\/wp-json\/wp\/v2\/pages\/19\/revisions\/1088"}],"wp:attachment":[{"href":"https:\/\/1ccz.cz\/tr\/wp-json\/wp\/v2\/media?parent=19"}],"curies":[{"name":"wp","href":"https:\/\/api.w.org\/{rel}","templated":true}]}}